{"id":2048,"date":"2025-04-28T17:07:47","date_gmt":"2025-04-28T10:07:47","guid":{"rendered":"https:\/\/mvc.com.vn\/?page_id=2048"},"modified":"2025-04-28T17:10:17","modified_gmt":"2025-04-28T10:10:17","slug":"dieu-khoan-dich-vu","status":"publish","type":"page","link":"https:\/\/mvc.com.vn\/vi\/dieu-khoan-dich-vu\/","title":{"rendered":"\u0110i\u1ec1u Kho\u1ea3n D\u1ecbch V\u1ee5"},"content":{"rendered":"<div class=\"conversation-statement assistant plain-text\" data-v-3fedb929=\"\">\n<div class=\"conversation-item-desc assistant\" data-v-3fedb929=\"\">\n<div class=\"bubble\" data-v-3fedb929=\"\">\n<div class=\"desc\" data-v-3fedb929=\"\">\n<div class=\"content\" data-v-3fedb929=\"\">\n<div class=\"markdown-viewer\" data-v-c0b4675d=\"\">\n<div data-v-c0b4675d=\"\">\n<h2 id=\"1.-gi%E1%BB%9Bi-thi%E1%BB%87u\" tabindex=\"-1\">1. Gi\u1edbi thi\u1ec7u<\/h2>\n<p>Ch\u00e0o m\u1eebng b\u1ea1n \u0111\u1ebfn v\u1edbi website c\u1ee7a MVC (&#8220;ch\u00fang t\u00f4i&#8221;, &#8220;c\u00f4ng ty&#8221;, &#8220;MVC&#8221;). B\u1eb1ng vi\u1ec7c truy c\u1eadp v\u00e0 s\u1eed d\u1ee5ng website\u00a0<a href=\"https:\/\/mvc.com.vn\/\" target=\"_blank\" rel=\"noopener noreferrer\">https:\/\/mvc.com.vn<\/a>\u00a0v\u00e0 c\u00e1c d\u1ecbch v\u1ee5 li\u00ean quan, bao g\u1ed3m c\u00e1c n\u1ec1n t\u1ea3ng h\u1ed7 tr\u1ee3 kh\u00e1ch h\u00e0ng qua Zalo, WhatsApp, Telegram, v\u00e0 Messenger, b\u1ea1n \u0111\u1ed3ng \u00fd ch\u1ecbu s\u1ef1 r\u00e0ng bu\u1ed9c c\u1ee7a c\u00e1c \u0111i\u1ec1u kho\u1ea3n v\u00e0 \u0111i\u1ec1u ki\u1ec7n \u0111\u01b0\u1ee3c n\u00eau d\u01b0\u1edbi \u0111\u00e2y.<\/p>\n<h2 id=\"2.-v%E1%BB%81-mvc\" tabindex=\"-1\">2. V\u1ec1 MVC<\/h2>\n<p>MVC l\u00e0 \u0111\u01a1n v\u1ecb chuy\u00ean cung c\u1ea5p c\u00e1c gi\u1ea3i ph\u00e1p v\u1ec1 Marketing v\u00e0 Sales, \u0111\u1ed3ng h\u00e0nh c\u00f9ng s\u1ef1 ph\u00e1t tri\u1ec3n kinh doanh c\u1ee7a c\u00e1c t\u1eadp \u0111o\u00e0n \u0111a qu\u1ed1c gia (MNC). \u0110\u01b0\u1ee3c th\u00e0nh l\u1eadp t\u1eeb n\u0103m 2004 v\u1edbi ti\u1ec1n th\u00e2n l\u00e0 c\u00f4ng ty Truy\u1ec1n Th\u00f4ng M\u1eb9 &amp; Con, MVC \u0111\u00e3 ph\u00e1t tri\u1ec3n v\u00e0 m\u1edf r\u1ed9ng ho\u1ea1t \u0111\u1ed9ng kinh doanh sang nhi\u1ec1u ng\u00e0nh ngh\u1ec1 m\u1edbi, bao g\u1ed3m:<\/p>\n<ul>\n<li>T\u1ea1p ch\u00ed M\u1eb9 v\u00e0 Con &#8211; D\u1ecbch v\u1ee5 Truy\u1ec1n th\u00f4ng &amp; Qu\u1ea3ng b\u00e1 N\u1ed9i dung<\/li>\n<li>Medical 360 &#8211; Gi\u1ea3i ph\u00e1p Marketing to\u00e0n di\u1ec7n trong l\u0129nh v\u1ef1c Y t\u1ebf<\/li>\n<li>MVC Digitalized BTL Agency &#8211; \u0110\u01a1n v\u1ecb BTL t\u00edch h\u1ee3p s\u1ed1 h\u00f3a<\/li>\n<li>MVCPRO &#8211; D\u1ecbch v\u1ee5 Qu\u1ea3n l\u00fd &amp; V\u1eadn h\u00e0nh B\u00e1n l\u1ebb Chuy\u00ean nghi\u1ec7p<\/li>\n<li>MVC Tech &#8211; Gi\u1ea3i ph\u00e1p Marketing \u1ee9ng d\u1ee5ng c\u00f4ng ngh\u1ec7<\/li>\n<li>eMCOM &#8211; Qu\u1ea3n l\u00fd B\u00e1n h\u00e0ng &amp; Th\u01b0\u01a1ng hi\u1ec7u tr\u00ean n\u1ec1n t\u1ea3ng E-commerce<\/li>\n<\/ul>\n<h2 id=\"3.-s%E1%BB%AD-d%E1%BB%A5ng-website-v%C3%A0-d%E1%BB%8Bch-v%E1%BB%A5\" tabindex=\"-1\">3. S\u1eed d\u1ee5ng Website v\u00e0 D\u1ecbch V\u1ee5<\/h2>\n<h3 id=\"3.1-quy%E1%BB%81n-truy-c%E1%BA%ADp\" tabindex=\"-1\">3.1 Quy\u1ec1n Truy C\u1eadp<\/h3>\n<p>Ch\u00fang t\u00f4i c\u1ea5p cho b\u1ea1n quy\u1ec1n truy c\u1eadp v\u00e0 s\u1eed d\u1ee5ng website v\u00e0 d\u1ecbch v\u1ee5 v\u1edbi \u0111i\u1ec1u ki\u1ec7n b\u1ea1n tu\u00e2n th\u1ee7 c\u00e1c \u0111i\u1ec1u kho\u1ea3n v\u00e0 \u0111i\u1ec1u ki\u1ec7n n\u00e0y. Quy\u1ec1n truy c\u1eadp n\u00e0y c\u00f3 th\u1ec3 b\u1ecb thu h\u1ed3i b\u1ea5t k\u1ef3 l\u00fac n\u00e0o n\u1ebfu vi ph\u1ea1m c\u00e1c \u0111i\u1ec1u kho\u1ea3n d\u1ecbch v\u1ee5.<\/p>\n<h3 id=\"3.2-%C4%91%C4%83ng-k%C3%BD-t%C3%A0i-kho%E1%BA%A3n\" tabindex=\"-1\">3.2 \u0110\u0103ng K\u00fd T\u00e0i Kho\u1ea3n<\/h3>\n<p>M\u1ed9t s\u1ed1 t\u00ednh n\u0103ng ho\u1eb7c d\u1ecbch v\u1ee5 tr\u00ean website c\u00f3 th\u1ec3 y\u00eau c\u1ea7u b\u1ea1n ph\u1ea3i \u0111\u0103ng k\u00fd t\u00e0i kho\u1ea3n. B\u1ea1n \u0111\u1ed3ng \u00fd cung c\u1ea5p th\u00f4ng tin ch\u00ednh x\u00e1c, c\u1eadp nh\u1eadt v\u00e0 \u0111\u1ea7y \u0111\u1ee7 trong qu\u00e1 tr\u00ecnh \u0111\u0103ng k\u00fd v\u00e0 duy tr\u00ec t\u00e0i kho\u1ea3n c\u1ee7a m\u00ecnh.<\/p>\n<h3 id=\"3.3-b%E1%BA%A3o-m%E1%BA%ADt-t%C3%A0i-kho%E1%BA%A3n\" tabindex=\"-1\">3.3 B\u1ea3o M\u1eadt T\u00e0i Kho\u1ea3n<\/h3>\n<p>B\u1ea1n ch\u1ecbu tr\u00e1ch nhi\u1ec7m b\u1ea3o m\u1eadt th\u00f4ng tin \u0111\u0103ng nh\u1eadp c\u1ee7a m\u00ecnh v\u00e0 t\u1ea5t c\u1ea3 ho\u1ea1t \u0111\u1ed9ng x\u1ea3y ra d\u01b0\u1edbi t\u00e0i kho\u1ea3n c\u1ee7a b\u1ea1n. B\u1ea1n ph\u1ea3i th\u00f4ng b\u00e1o ngay cho ch\u00fang t\u00f4i n\u1ebfu ph\u00e1t hi\u1ec7n b\u1ea5t k\u1ef3 vi ph\u1ea1m b\u1ea3o m\u1eadt ho\u1eb7c s\u1eed d\u1ee5ng tr\u00e1i ph\u00e9p t\u00e0i kho\u1ea3n c\u1ee7a m\u00ecnh.<\/p>\n<h2 id=\"4.-h%E1%BB%97-tr%E1%BB%A3-chatbot-ai\" tabindex=\"-1\">4. H\u1ed7 Tr\u1ee3 Chatbot AI<\/h2>\n<h3 id=\"4.1-ph%E1%BA%A1m-vi-d%E1%BB%8Bch-v%E1%BB%A5\" tabindex=\"-1\">4.1 Ph\u1ea1m Vi D\u1ecbch V\u1ee5<\/h3>\n<p>MVC cung c\u1ea5p d\u1ecbch v\u1ee5 h\u1ed7 tr\u1ee3 kh\u00e1ch h\u00e0ng qua chatbot AI tr\u00ean c\u00e1c n\u1ec1n t\u1ea3ng nh\u1eafn tin bao g\u1ed3m Zalo, WhatsApp, Telegram, v\u00e0 Messenger. Chatbot AI \u0111\u01b0\u1ee3c thi\u1ebft k\u1ebf \u0111\u1ec3 h\u1ed7 tr\u1ee3 nh\u00e2n vi\u00ean c\u1ee7a ch\u00fang t\u00f4i trong vi\u1ec7c cung c\u1ea5p th\u00f4ng tin, gi\u1ea3i \u0111\u00e1p th\u1eafc m\u1eafc, v\u00e0 h\u1ed7 tr\u1ee3 kh\u00e1ch h\u00e0ng.<\/p>\n<h3 id=\"4.2-gi%E1%BB%9Bi-h%E1%BA%A1n-tr%C3%A1ch-nhi%E1%BB%87m-c%E1%BB%A7a-chatbot-ai\" tabindex=\"-1\">4.2 Gi\u1edbi H\u1ea1n Tr\u00e1ch Nhi\u1ec7m c\u1ee7a Chatbot AI<\/h3>\n<ul>\n<li>Chatbot AI ho\u1ea1t \u0111\u1ed9ng d\u1ef1a tr\u00ean c\u00f4ng ngh\u1ec7 x\u1eed l\u00fd ng\u00f4n ng\u1eef t\u1ef1 nhi\u00ean v\u00e0 c\u00f3 th\u1ec3 kh\u00f4ng ph\u1ea3n h\u1ed3i ch\u00ednh x\u00e1c 100% trong m\u1ecdi tr\u01b0\u1eddng h\u1ee3p<\/li>\n<li>Th\u00f4ng tin \u0111\u01b0\u1ee3c cung c\u1ea5p b\u1edfi chatbot AI mang t\u00ednh tham kh\u1ea3o v\u00e0 kh\u00f4ng thay th\u1ebf cho \u00fd ki\u1ebfn chuy\u00ean m\u00f4n t\u1eeb \u0111\u1ed9i ng\u0169 nh\u00e2n vi\u00ean MVC<\/li>\n<li>Trong tr\u01b0\u1eddng h\u1ee3p y\u00eau c\u1ea7u ph\u1ee9c t\u1ea1p, chatbot AI s\u1ebd chuy\u1ec3n cu\u1ed9c h\u1ed9i tho\u1ea1i \u0111\u1ebfn nh\u00e2n vi\u00ean h\u1ed7 tr\u1ee3 chuy\u00ean tr\u00e1ch<\/li>\n<li>MVC kh\u00f4ng ch\u1ecbu tr\u00e1ch nhi\u1ec7m v\u1ec1 c\u00e1c quy\u1ebft \u0111\u1ecbnh d\u1ef1a tr\u00ean th\u00f4ng tin cung c\u1ea5p b\u1edfi chatbot AI m\u00e0 kh\u00f4ng \u0111\u01b0\u1ee3c x\u00e1c nh\u1eadn b\u1edfi nh\u00e2n vi\u00ean c\u1ee7a ch\u00fang t\u00f4i<\/li>\n<\/ul>\n<h3 id=\"4.3-quy%E1%BB%81n-ri%C3%AAng-t%C6%B0-trong-t%C6%B0%C6%A1ng-t%C3%A1c-chatbot\" tabindex=\"-1\">4.3 Quy\u1ec1n Ri\u00eang T\u01b0 Trong T\u01b0\u01a1ng T\u00e1c Chatbot<\/h3>\n<ul>\n<li>C\u00e1c cu\u1ed9c h\u1ed9i tho\u1ea1i v\u1edbi chatbot AI c\u00f3 th\u1ec3 \u0111\u01b0\u1ee3c ghi l\u1ea1i nh\u1eb1m m\u1ee5c \u0111\u00edch c\u1ea3i thi\u1ec7n ch\u1ea5t l\u01b0\u1ee3ng d\u1ecbch v\u1ee5<\/li>\n<li>Th\u00f4ng tin thu th\u1eadp trong qu\u00e1 tr\u00ecnh t\u01b0\u01a1ng t\u00e1c \u0111\u01b0\u1ee3c x\u1eed l\u00fd theo Ch\u00ednh S\u00e1ch B\u1ea3o M\u1eadt c\u1ee7a ch\u00fang t\u00f4i<\/li>\n<li>Ng\u01b0\u1eddi d\u00f9ng c\u00f3 quy\u1ec1n y\u00eau c\u1ea7u x\u00f3a l\u1ecbch s\u1eed h\u1ed9i tho\u1ea1i c\u1ee7a m\u00ecnh theo quy \u0111\u1ecbnh ph\u00e1p lu\u1eadt hi\u1ec7n h\u00e0nh<\/li>\n<\/ul>\n<h2 id=\"5.-quy%E1%BB%81n-s%E1%BB%9F-h%E1%BB%AFu-tr%C3%AD-tu%E1%BB%87\" tabindex=\"-1\">5. Quy\u1ec1n S\u1edf H\u1eefu Tr\u00ed Tu\u1ec7<\/h2>\n<h3 id=\"5.1-n%E1%BB%99i-dung-c%E1%BB%A7a-mvc\" tabindex=\"-1\">5.1 N\u1ed9i Dung C\u1ee7a MVC<\/h3>\n<p>T\u1ea5t c\u1ea3 n\u1ed9i dung tr\u00ean website, bao g\u1ed3m nh\u01b0ng kh\u00f4ng gi\u1edbi h\u1ea1n \u1edf v\u0103n b\u1ea3n, h\u00ecnh \u1ea3nh, \u0111\u1ed3 h\u1ecda, logo, video, \u00e2m thanh, v\u00e0 m\u00e3 m\u00e1y t\u00ednh, \u0111\u1ec1u thu\u1ed9c quy\u1ec1n s\u1edf h\u1eefu c\u1ee7a MVC ho\u1eb7c c\u00e1c \u0111\u1ed1i t\u00e1c c\u1ea5p ph\u00e9p. C\u00e1c n\u1ed9i dung n\u00e0y \u0111\u01b0\u1ee3c b\u1ea3o v\u1ec7 b\u1edfi lu\u1eadt b\u1ea3n quy\u1ec1n, nh\u00e3n hi\u1ec7u, v\u00e0 c\u00e1c lu\u1eadt s\u1edf h\u1eefu tr\u00ed tu\u1ec7 kh\u00e1c.<\/p>\n<h3 id=\"5.2-s%E1%BB%AD-d%E1%BB%A5ng-n%E1%BB%99i-dung\" tabindex=\"-1\">5.2 S\u1eed D\u1ee5ng N\u1ed9i Dung<\/h3>\n<p>B\u1ea1n kh\u00f4ng \u0111\u01b0\u1ee3c sao ch\u00e9p, ph\u00e2n ph\u1ed1i, s\u1eeda \u0111\u1ed5i, hi\u1ec3n th\u1ecb, th\u1ef1c hi\u1ec7n, t\u00e1i s\u1ea3n xu\u1ea5t, xu\u1ea5t b\u1ea3n, c\u1ea5p ph\u00e9p, t\u1ea1o t\u00e1c ph\u1ea9m ph\u00e1i sinh, chuy\u1ec3n nh\u01b0\u1ee3ng, ho\u1eb7c b\u00e1n b\u1ea5t k\u1ef3 th\u00f4ng tin, ph\u1ea7n m\u1ec1m, s\u1ea3n ph\u1ea9m, ho\u1eb7c d\u1ecbch v\u1ee5 n\u00e0o t\u1eeb website m\u00e0 kh\u00f4ng c\u00f3 s\u1ef1 \u0111\u1ed3ng \u00fd tr\u01b0\u1edbc b\u1eb1ng v\u0103n b\u1ea3n t\u1eeb MVC.<\/p>\n<h3 id=\"5.3-th%C6%B0%C6%A1ng-hi%E1%BB%87u\" tabindex=\"-1\">5.3 Th\u01b0\u01a1ng Hi\u1ec7u<\/h3>\n<p>T\u1ea5t c\u1ea3 th\u01b0\u01a1ng hi\u1ec7u, logo, v\u00e0 t\u00ean d\u1ecbch v\u1ee5 hi\u1ec3n th\u1ecb tr\u00ean website l\u00e0 t\u00e0i s\u1ea3n c\u1ee7a MVC ho\u1eb7c c\u00e1c \u0111\u1ed1i t\u00e1c li\u00ean k\u1ebft. B\u1ea1n kh\u00f4ng \u0111\u01b0\u1ee3c s\u1eed d\u1ee5ng ch\u00fang m\u00e0 kh\u00f4ng c\u00f3 s\u1ef1 cho ph\u00e9p tr\u01b0\u1edbc b\u1eb1ng v\u0103n b\u1ea3n t\u1eeb MVC ho\u1eb7c ch\u1ee7 s\u1edf h\u1eefu t\u01b0\u01a1ng \u1ee9ng.<\/p>\n<h2 id=\"6.-ch%C3%ADnh-s%C3%A1ch-b%E1%BA%A3o-m%E1%BA%ADt\" tabindex=\"-1\">6. Ch\u00ednh S\u00e1ch B\u1ea3o M\u1eadt<\/h2>\n<h3 id=\"6.1-thu-th%E1%BA%ADp-th%C3%B4ng-tin\" tabindex=\"-1\">6.1 Thu Th\u1eadp Th\u00f4ng Tin<\/h3>\n<p>Ch\u00fang t\u00f4i thu th\u1eadp th\u00f4ng tin c\u00e1 nh\u00e2n khi b\u1ea1n s\u1eed d\u1ee5ng website v\u00e0 d\u1ecbch v\u1ee5 c\u1ee7a ch\u00fang t\u00f4i, bao g\u1ed3m nh\u01b0ng kh\u00f4ng gi\u1edbi h\u1ea1n \u1edf t\u00ean, \u0111\u1ecba ch\u1ec9 email, s\u1ed1 \u0111i\u1ec7n tho\u1ea1i, v\u00e0 th\u00f4ng tin c\u00f4ng ty. C\u00e1c th\u00f4ng tin n\u00e0y \u0111\u01b0\u1ee3c thu th\u1eadp th\u00f4ng qua c\u00e1c bi\u1ec3u m\u1eabu, t\u01b0\u01a1ng t\u00e1c chatbot, ho\u1eb7c khi b\u1ea1n li\u00ean h\u1ec7 v\u1edbi ch\u00fang t\u00f4i.<\/p>\n<h3 id=\"6\" tabindex=\"-1\">6<span style=\"font-size: 16px;\">.2 S\u1eed D\u1ee5ng Th\u00f4ng Tin Ch\u00fang t\u00f4i s\u1eed d\u1ee5ng th\u00f4ng tin thu th\u1eadp \u0111\u1ec3:<\/span><\/h3>\n<\/div>\n<\/div>\n<\/div>\n<\/div>\n<\/div>\n<\/div>\n<\/div>\n<div class=\"conversation-statement assistant plain-text\" data-v-3fedb929=\"\">\n<div class=\"conversation-item-desc assistant\" data-v-3fedb929=\"\">\n<div class=\"bubble\" data-v-3fedb929=\"\">\n<div class=\"desc\" data-v-3fedb929=\"\">\n<div class=\"content\" data-v-3fedb929=\"\">\n<div class=\"markdown-viewer\" data-v-c0b4675d=\"\">\n<div data-v-c0b4675d=\"\">\n<ul>\n<li>Cung c\u1ea5p v\u00e0 c\u1ea3i thi\u1ec7n d\u1ecbch v\u1ee5 c\u1ee7a ch\u00fang t\u00f4i<\/li>\n<li>Ph\u1ea3n h\u1ed3i y\u00eau c\u1ea7u v\u00e0 th\u1eafc m\u1eafc c\u1ee7a b\u1ea1n<\/li>\n<li>G\u1eedi th\u00f4ng tin c\u1eadp nh\u1eadt v\u1ec1 d\u1ecbch v\u1ee5, s\u1ef1 ki\u1ec7n, ho\u1eb7c tin t\u1ee9c li\u00ean quan<\/li>\n<li>Ph\u00e2n t\u00edch v\u00e0 c\u1ea3i thi\u1ec7n tr\u1ea3i nghi\u1ec7m ng\u01b0\u1eddi d\u00f9ng tr\u00ean website<\/li>\n<li>Tu\u00e2n th\u1ee7 c\u00e1c ngh\u0129a v\u1ee5 ph\u00e1p l\u00fd<\/li>\n<\/ul>\n<h3 id=\"6.3-b%E1%BA%A3o-v%E1%BB%87-th%C3%B4ng-tin\" tabindex=\"-1\">6.3 B\u1ea3o V\u1ec7 Th\u00f4ng Tin<\/h3>\n<p>Ch\u00fang t\u00f4i cam k\u1ebft b\u1ea3o v\u1ec7 th\u00f4ng tin c\u00e1 nh\u00e2n c\u1ee7a b\u1ea1n v\u00e0 \u00e1p d\u1ee5ng c\u00e1c bi\u1ec7n ph\u00e1p b\u1ea3o m\u1eadt ph\u00f9 h\u1ee3p \u0111\u1ec3 ng\u0103n ch\u1eb7n truy c\u1eadp tr\u00e1i ph\u00e9p, s\u1eeda \u0111\u1ed5i, ti\u1ebft l\u1ed9, ho\u1eb7c ph\u00e1 h\u1ee7y th\u00f4ng tin.<\/p>\n<h2 id=\"7.-c%C3%A1c-d%E1%BB%8Bch-v%E1%BB%A5-v%C3%A0-s%E1%BA%A3n-ph%E1%BA%A9m\" tabindex=\"-1\">7. C\u00e1c D\u1ecbch V\u1ee5 v\u00e0 S\u1ea3n Ph\u1ea9m<\/h2>\n<h3 id=\"7.1-th%C3%B4ng-tin-d%E1%BB%8Bch-v%E1%BB%A5\" tabindex=\"-1\">7.1 Th\u00f4ng Tin D\u1ecbch V\u1ee5<\/h3>\n<p>Ch\u00fang t\u00f4i c\u1ed1 g\u1eafng cung c\u1ea5p th\u00f4ng tin ch\u00ednh x\u00e1c v\u1ec1 c\u00e1c d\u1ecbch v\u1ee5 v\u00e0 s\u1ea3n ph\u1ea9m tr\u00ean website. Tuy nhi\u00ean, MVC kh\u00f4ng \u0111\u1ea3m b\u1ea3o r\u1eb1ng m\u00f4 t\u1ea3 s\u1ea3n ph\u1ea9m ho\u1eb7c n\u1ed9i dung kh\u00e1c c\u1ee7a website l\u00e0 ch\u00ednh x\u00e1c, \u0111\u1ea7y \u0111\u1ee7, \u0111\u00e1ng tin c\u1eady, hi\u1ec7n h\u00e0nh, ho\u1eb7c kh\u00f4ng c\u00f3 l\u1ed7i.<\/p>\n<h3 id=\"7.2-s%E1%BB%AD-d%E1%BB%A5ng-gi%E1%BA%A3i-ph%C3%A1p-scan-bill-%C4%91%E1%BB%95i-qu%C3%A0-t%E1%BB%B1-%C4%91%E1%BB%99ng-v%C3%A0-c%C3%A1c-d%E1%BB%8Bch-v%E1%BB%A5-kh%C3%A1c\" tabindex=\"-1\">7.2 S\u1eed D\u1ee5ng Gi\u1ea3i Ph\u00e1p Scan Bill \u0110\u1ed5i Qu\u00e0 T\u1ef1 \u0110\u1ed9ng v\u00e0 C\u00e1c D\u1ecbch V\u1ee5 Kh\u00e1c<\/h3>\n<p>C\u00e1c d\u1ecbch v\u1ee5 nh\u01b0 Scan Bill \u0110\u1ed5i Qu\u00e0 T\u1ef1 \u0110\u1ed9ng v\u00e0 c\u00e1c gi\u1ea3i ph\u00e1p k\u1ef9 thu\u1eadt kh\u00e1c t\u1eeb MVC Tech s\u1ebd tu\u00e2n theo c\u00e1c \u0111i\u1ec1u kho\u1ea3n d\u1ecbch v\u1ee5 c\u1ee5 th\u1ec3 \u0111\u01b0\u1ee3c cung c\u1ea5p ri\u00eang khi b\u1ea1n \u0111\u0103ng k\u00fd s\u1eed d\u1ee5ng d\u1ecbch v\u1ee5 n\u00e0y.<\/p>\n<h2 id=\"8.-gi%E1%BB%9Bi-h%E1%BA%A1n-tr%C3%A1ch-nhi%E1%BB%87m\" tabindex=\"-1\">8. Gi\u1edbi H\u1ea1n Tr\u00e1ch Nhi\u1ec7m<\/h2>\n<h3 id=\"8.1-mi%E1%BB%85n-tr%E1%BB%AB-b%E1%BA%A3o-%C4%91%E1%BA%A3m\" tabindex=\"-1\">8.1 Mi\u1ec5n Tr\u1eeb B\u1ea3o \u0110\u1ea3m<\/h3>\n<p>WEBSITE V\u00c0 T\u1ea4T C\u1ea2 TH\u00d4NG TIN, N\u1ed8I DUNG, T\u00c0I LI\u1ec6U, S\u1ea2N PH\u1ea8M \u0110\u01af\u1ee2C CUNG C\u1ea4P &#8220;NH\u01af V\u1ed0N C\u00d3&#8221; V\u00c0 &#8220;NH\u01af C\u00d3 S\u1eb4N&#8221; M\u00c0 KH\u00d4NG C\u00d3 B\u1ea4T K\u1ef2 B\u1ea2O \u0110\u1ea2M N\u00c0O, D\u00d9 R\u00d5 R\u00c0NG HAY NG\u1ee4 \u00dd.<\/p>\n<h3 id=\"8.2-gi%E1%BB%9Bi-h%E1%BA%A1n-tr%C3%A1ch-nhi%E1%BB%87m\" tabindex=\"-1\">8.2 Gi\u1edbi H\u1ea1n Tr\u00e1ch Nhi\u1ec7m<\/h3>\n<p>TRONG M\u1eccI TR\u01af\u1edcNG H\u1ee2P, MVC S\u1ebc KH\u00d4NG CH\u1ecaU TR\u00c1CH NHI\u1ec6M V\u1ec0 B\u1ea4T K\u1ef2 THI\u1ec6T H\u1ea0I TR\u1ef0C TI\u1ebeP, GI\u00c1N TI\u1ebeP, NG\u1eaaU NHI\u00caN, \u0110\u1eb6C BI\u1ec6T HO\u1eb6C MANG T\u00cdNH H\u1eacU QU\u1ea2 PH\u00c1T SINH T\u1eea HO\u1eb6C LI\u00caN QUAN \u0110\u1ebeN VI\u1ec6C S\u1eec D\u1ee4NG HO\u1eb6C KH\u00d4NG TH\u1ec2 S\u1eec D\u1ee4NG WEBSITE V\u00c0 D\u1ecaCH V\u1ee4.<\/p>\n<h2 id=\"9.-s%E1%BB%ADa-%C4%91%E1%BB%95i-%C4%91i%E1%BB%81u-kho%E1%BA%A3n\" tabindex=\"-1\">9. S\u1eeda \u0110\u1ed5i \u0110i\u1ec1u Kho\u1ea3n<\/h2>\n<p>MVC c\u00f3 quy\u1ec1n s\u1eeda \u0111\u1ed5i c\u00e1c \u0111i\u1ec1u kho\u1ea3n n\u00e0y b\u1ea5t k\u1ef3 l\u00fac n\u00e0o. Ch\u00fang t\u00f4i s\u1ebd th\u00f4ng b\u00e1o v\u1ec1 nh\u1eefng thay \u0111\u1ed5i quan tr\u1ecdng b\u1eb1ng c\u00e1ch \u0111\u0103ng th\u00f4ng b\u00e1o r\u00f5 r\u00e0ng tr\u00ean website ho\u1eb7c g\u1eedi th\u00f4ng b\u00e1o qua email. Vi\u1ec7c b\u1ea1n ti\u1ebfp t\u1ee5c s\u1eed d\u1ee5ng website v\u00e0 d\u1ecbch v\u1ee5 sau khi nh\u1eefng thay \u0111\u1ed5i c\u00f3 hi\u1ec7u l\u1ef1c \u0111\u1ed3ng ngh\u0129a v\u1edbi vi\u1ec7c b\u1ea1n ch\u1ea5p nh\u1eadn c\u00e1c \u0111i\u1ec1u kho\u1ea3n \u0111\u00e3 s\u1eeda \u0111\u1ed5i.<\/p>\n<h2 id=\"10.-lu%E1%BA%ADt-%C3%A1p-d%E1%BB%A5ng-v%C3%A0-gi%E1%BA%A3i-quy%E1%BA%BFt-tranh-ch%E1%BA%A5p\" tabindex=\"-1\">10. Lu\u1eadt \u00c1p D\u1ee5ng v\u00e0 Gi\u1ea3i Quy\u1ebft Tranh Ch\u1ea5p<\/h2>\n<p>C\u00e1c \u0111i\u1ec1u kho\u1ea3n n\u00e0y \u0111\u01b0\u1ee3c \u0111i\u1ec1u ch\u1ec9nh v\u00e0 gi\u1ea3i th\u00edch theo ph\u00e1p lu\u1eadt Vi\u1ec7t Nam. M\u1ecdi tranh ch\u1ea5p ph\u00e1t sinh t\u1eeb ho\u1eb7c li\u00ean quan \u0111\u1ebfn c\u00e1c \u0111i\u1ec1u kho\u1ea3n n\u00e0y s\u1ebd \u0111\u01b0\u1ee3c gi\u1ea3i quy\u1ebft th\u00f4ng qua th\u01b0\u01a1ng l\u01b0\u1ee3ng thi\u1ec7n ch\u00ed. N\u1ebfu kh\u00f4ng th\u1ec3 gi\u1ea3i quy\u1ebft th\u00f4ng qua th\u01b0\u01a1ng l\u01b0\u1ee3ng, tranh ch\u1ea5p s\u1ebd \u0111\u01b0\u1ee3c \u0111\u01b0a ra T\u00f2a \u00e1n c\u00f3 th\u1ea9m quy\u1ec1n t\u1ea1i Th\u00e0nh ph\u1ed1 H\u1ed3 Ch\u00ed Minh, Vi\u1ec7t Nam.<\/p>\n<h2 id=\"11.-li%C3%AAn-h%E1%BB%87\" tabindex=\"-1\">11. Li\u00ean H\u1ec7<\/h2>\n<p>N\u1ebfu b\u1ea1n c\u00f3 b\u1ea5t k\u1ef3 c\u00e2u h\u1ecfi n\u00e0o v\u1ec1 \u0110i\u1ec1u Kho\u1ea3n D\u1ecbch V\u1ee5 n\u00e0y, vui l\u00f2ng li\u00ean h\u1ec7 v\u1edbi ch\u00fang t\u00f4i qua:<\/p>\n<ul>\n<li>Email: info@mvc.com.vn<\/li>\n<li>\u0110\u1ecba ch\u1ec9: 48 Hoa Mai, Ph\u01b0\u1eddng 2, Qu\u1eadn Ph\u00fa Nhu\u1eadn, TP. H\u1ed3 Ch\u00ed Minh<\/li>\n<li>\u0110i\u1ec7n tho\u1ea1i: (+84) 28 3517 0278<\/li>\n<\/ul>\n<p><em>C\u1eadp nh\u1eadt l\u1ea7n cu\u1ed1i: Ng\u00e0y 28 th\u00e1ng 04 n\u0103m 2025<\/em><\/p>\n<p><em>B\u1ea3n quy\u1ec1n \u00a9 2025 MVC. T\u1ea5t c\u1ea3 c\u00e1c quy\u1ec1n \u0111\u01b0\u1ee3c b\u1ea3o l\u01b0u.<\/em><\/p>\n<\/div>\n<\/div>\n<\/div>\n<\/div>\n<\/div>\n<\/div>\n<\/div>\n","protected":false},"excerpt":{"rendered":"<p>1. Gi\u1edbi thi\u1ec7u Ch\u00e0o m\u1eebng b\u1ea1n \u0111\u1ebfn v\u1edbi website c\u1ee7a MVC (&#8220;ch\u00fang t\u00f4i&#8221;, &#8220;c\u00f4ng ty&#8221;, &#8220;MVC&#8221;). B\u1eb1ng vi\u1ec7c truy c\u1eadp v\u00e0 s\u1eed d\u1ee5ng website\u00a0https:\/\/mvc.com.vn\u00a0v\u00e0 c\u00e1c d\u1ecbch v\u1ee5 li\u00ean quan, bao g\u1ed3m c\u00e1c n\u1ec1n t\u1ea3ng h\u1ed7 tr\u1ee3 kh\u00e1ch h\u00e0ng qua Zalo, WhatsApp, Telegram, v\u00e0 Messenger, b\u1ea1n \u0111\u1ed3ng \u00fd ch\u1ecbu s\u1ef1 r\u00e0ng bu\u1ed9c c\u1ee7a c\u00e1c \u0111i\u1ec1u kho\u1ea3n<\/p>\n","protected":false},"author":2,"featured_media":0,"parent":0,"menu_order":0,"comment_status":"closed","ping_status":"closed","template":"","meta":{"_acf_changed":false,"footnotes":""},"class_list":["post-2048","page","type-page","status-publish","hentry"],"acf":[],"_links":{"self":[{"href":"https:\/\/mvc.com.vn\/vi\/wp-json\/wp\/v2\/pages\/2048","targetHints":{"allow":["GET"]}}],"collection":[{"href":"https:\/\/mvc.com.vn\/vi\/wp-json\/wp\/v2\/pages"}],"about":[{"href":"https:\/\/mvc.com.vn\/vi\/wp-json\/wp\/v2\/types\/page"}],"author":[{"embeddable":true,"href":"https:\/\/mvc.com.vn\/vi\/wp-json\/wp\/v2\/users\/2"}],"replies":[{"embeddable":true,"href":"https:\/\/mvc.com.vn\/vi\/wp-json\/wp\/v2\/comments?post=2048"}],"version-history":[{"count":2,"href":"https:\/\/mvc.com.vn\/vi\/wp-json\/wp\/v2\/pages\/2048\/revisions"}],"predecessor-version":[{"id":2050,"href":"https:\/\/mvc.com.vn\/vi\/wp-json\/wp\/v2\/pages\/2048\/revisions\/2050"}],"wp:attachment":[{"href":"https:\/\/mvc.com.vn\/vi\/wp-json\/wp\/v2\/media?parent=2048"}],"curies":[{"name":"wp","href":"https:\/\/api.w.org\/{rel}","templated":true}]}}